{"id":1109,"date":"2022-03-27T16:05:05","date_gmt":"2022-03-27T13:05:05","guid":{"rendered":"https:\/\/wholearmordev.wpengine.com\/front-page\/"},"modified":"2025-03-12T14:33:39","modified_gmt":"2025-03-12T12:33:39","slug":"front-page","status":"publish","type":"page","link":"https:\/\/www.putonthewholearmorofgod.love\/de\/","title":{"rendered":"Startseite"},"content":{"rendered":"<style>.kb-row-layout-id1109_d0a746-d5 > .kt-row-column-wrap{align-content:start;}:where(.kb-row-layout-id1109_d0a746-d5 > .kt-row-column-wrap) > .wp-block-kadence-column{justify-content:start;}.kb-row-layout-id1109_d0a746-d5 > .kt-row-column-wrap{column-gap:var(--global-kb-gap-md, 2rem);row-gap:var(--global-kb-gap-md, 2rem);padding-top:var(--global-kb-spacing-sm, 1.5rem);padding-bottom:var(--global-kb-spacing-sm, 1.5rem);grid-template-columns:minmax(0, 1fr);}.kb-row-layout-id1109_d0a746-d5 > .kt-row-layout-overlay{opacity:0.30;}@media all and (max-width: 1024px){.kb-row-layout-id1109_d0a746-d5 > .kt-row-column-wrap{grid-template-columns:minmax(0, 1fr);}}@media all and (max-width: 767px){.kb-row-layout-id1109_d0a746-d5 > .kt-row-column-wrap{grid-template-columns:minmax(0, 1fr);}}<\/style><div class=\"kb-row-layout-wrap kb-row-layout-id1109_d0a746-d5 alignnone wp-block-kadence-rowlayout\"><div class=\"kt-row-column-wrap kt-has-1-columns kt-row-layout-equal kt-tab-layout-inherit kt-mobile-layout-row kt-row-valign-top\">\n<style>.kadence-column1109_5fb1ed-9c > .kt-inside-inner-col,.kadence-column1109_5fb1ed-9c > .kt-inside-inner-col:before{border-top-left-radius:0px;border-top-right-radius:0px;border-bottom-right-radius:0px;border-bottom-left-radius:0px;}.kadence-column1109_5fb1ed-9c > .kt-inside-inner-col{column-gap:var(--global-kb-gap-sm, 1rem);}.kadence-column1109_5fb1ed-9c > .kt-inside-inner-col{flex-direction:column;}.kadence-column1109_5fb1ed-9c > .kt-inside-inner-col > .aligncenter{width:100%;}.kadence-column1109_5fb1ed-9c > .kt-inside-inner-col:before{opacity:0.3;}.kadence-column1109_5fb1ed-9c{position:relative;}@media all and (max-width: 1024px){.kadence-column1109_5fb1ed-9c > .kt-inside-inner-col{flex-direction:column;justify-content:center;}}@media all and (max-width: 767px){.kadence-column1109_5fb1ed-9c > .kt-inside-inner-col{flex-direction:column;justify-content:center;}}<\/style>\n<div class=\"wp-block-kadence-column kadence-column1109_5fb1ed-9c\"><div class=\"kt-inside-inner-col\">\n<div class=\"wp-block-themepunch-revslider revslider\" data-modal=\"false\" data-slidertitle=\"RainbowBridge salute\" style=\"\">\n\t\t\t\t<p class=\"rs-p-wp-fix\"><\/p>\n\t\t\t\t<sr7-module data-alias=\"rainbow-bridge-salute\" data-id=\"112\" id=\"SR7_112_1\" class=\"rs-ov-hidden\" data-version=\"6.7.51\">\n\t\t\t\t\t<sr7-adjuster><\/sr7-adjuster>\n\t\t\t\t\t<sr7-content>\n\t\t\t\t\t\t<sr7-slide id=\"SR7_112_1-105\" data-key=\"105\">\n\t\t\t\t\t\t\t<sr7-txt id=\"SR7_112_1-105-3\" class=\"sr7-layer\">Der Gott in mir gr\u00fc\u00dft den Gott in dir!<\/sr7-txt>\n\t\t\t\t\t\t<\/sr7-slide>\n\t\t\t\t\t\t<sr7-slide id=\"SR7_112_1-234\" data-key=\"234\">\n\t\t\t\t\t\t<\/sr7-slide>\n\t\t\t\t\t<\/sr7-content>\n\t\t\t\t\t<image_lists style=\"display:none\">\n\t\t\t\t\t\t<img data-src=\"\/\/newarmorofgod.wpenginepowered.com\/wp-content\/uploads\/rainbow-bridge_water-animation.gif\" data-libid=\"4978\" data-lib=\"medialibrary\" alt=\"Rainbow bridge\" title=\"rainbow-bridge_water-animation\" width=\"0\" height=\"0\" data-dbsrc=\"Ly9uZXdhcm1vcm9mZ29kLndwZW5naW5lcG93ZXJlZC5jb20vd3AtY29udGVudC91cGxvYWRzL3JhaW5ib3ctYnJpZGdlX3dhdGVyLWFuaW1hdGlvbi5naWY=\"\/>\n\t\t\t\t\t<\/image_lists>\n\t\t\t\t<\/sr7-module>\n\t\t\t\t<script>\n\t\t\t\t\twindow.SR7 ??={};SR7.PMH ??={}; SR7.PMH[\"SR7_112_1\"] = {cn:100,state:false,fn: function() { if (window._tpt!==undefined && window._tpt.prepareModuleHeight !== undefined) {  _tpt.prepareModuleHeight({id:\"SR7_112_1\",el:[900,900,768,960,720],type:'hero',shdw:'0',gh:[900,900,743,565,349],gw:[1240,1240,1024,778,480],vpt:['100px'],size:{fullWidth:true, fullHeight:false},mh:'0',onh:0,onw:0,bg:{color:'{\"orig\":\"transparent\",\"type\":\"solid\",\"string\":\"transparent\"}'}});   SR7.PMH[\"SR7_112_1\"].state=true;} else if(SR7.PMH[\"SR7_112_1\"].cn-->0)\tsetTimeout( SR7.PMH[\"SR7_112_1\"].fn,19);}};SR7.PMH[\"SR7_112_1\" ].fn();\n\t\t\t\t<\/script>\n<\/div>\n\n\n\n<div class=\"wp-block-group\"><div class=\"wp-block-group__inner-container is-layout-constrained wp-block-group-is-layout-constrained\">\n<figure class=\"wp-block-pullquote has-theme-palette-2-color has-text-color has-link-color has-medium-font-size wp-elements-cd71fc6eb0d3b77042cd7a1592b599dc\"><blockquote><p><strong>Eine echte Entdeckungsreise ist nicht die Suche nach<\/strong><br><strong>neuen Landschaften, sondern <\/strong><br><strong>eine neue Sichtweise der Dinge.<\/strong><\/p><cite><strong>Marcel Proust<\/strong><\/cite><\/blockquote><\/figure>\n\n\n\n<p class=\"has-medium-font-size\">Willkommen auf unserer Reise zur Neuen Weltordnung. Dieser Blog ist ein Raum f\u00fcr Erforschung, Wachstum und gemeinsames Verst\u00e4ndnis. Durch die Verschmelzung vergangener Erkenntnisse mit neuen Perspektiven dient er als Plattform f\u00fcr das Erwachen des Bewusstseins und die Neugestaltung der Welt um uns herum. Von 3D- und 5D-Bewusstsein bis hin zum transformativen Potenzial von Technologie und k\u00fcnstlicher Intelligenz &#8211; jeder Artikel l\u00e4dt dazu ein, das Leben in einem neuen Licht zu sehen und die tiefgreifenden M\u00f6glichkeiten unserer Zeit zu nutzen. Gestalten wir gemeinsam den Weg der kollektiven Evolution und des wahren Reichtums und Wohlstands.<\/p>\n<\/div><\/div>\n\n\n<style>.kt-accordion-id4f9024-3d .kt-accordion-inner-wrap{column-gap:var(--global-kb-gap-md, 2rem);row-gap:8px;}.kt-accordion-id4f9024-3d .kt-accordion-panel-inner{padding-top:var(--global-kb-spacing-sm, 1.5rem);padding-right:var(--global-kb-spacing-sm, 1.5rem);padding-bottom:var(--global-kb-spacing-sm, 1.5rem);padding-left:var(--global-kb-spacing-sm, 1.5rem);}.kt-accordion-id4f9024-3d > .kt-accordion-inner-wrap > .wp-block-kadence-pane > .kt-accordion-header-wrap > .kt-blocks-accordion-header{padding-top:var(--global-kb-spacing-xxs, 0.5rem);padding-right:var(--global-kb-spacing-xs, 1rem);padding-bottom:var(--global-kb-spacing-xxs, 0.5rem);padding-left:var(--global-kb-spacing-xs, 1rem);}@media all and (max-width: 767px){.kt-accordion-id4f9024-3d .kt-accordion-inner-wrap{display:block;}.kt-accordion-id4f9024-3d .kt-accordion-inner-wrap .kt-accordion-pane:not(:first-child){margin-top:8px;}}<\/style>\n<div class=\"wp-block-kadence-accordion alignnone\"><div class=\"kt-accordion-wrap kt-accordion-id4f9024-3d kt-accordion-has-2-panes kt-active-pane-0 kt-accordion-block kt-pane-header-alignment-left kt-accodion-icon-style-arrowcircle kt-accodion-icon-side-right\" style=\"max-width:none\"><div class=\"kt-accordion-inner-wrap\" data-allow-multiple-open=\"true\" data-start-open=\"none\">\n<div class=\"wp-block-kadence-pane kt-accordion-pane kt-accordion-pane-1 kt-panefa2cda-20\"><div class=\"kt-accordion-header-wrap\"><button class=\"kt-blocks-accordion-header kt-acccordion-button-label-show\" type=\"button\"><span class=\"kt-blocks-accordion-title-wrap\"><span class=\"kt-blocks-accordion-title\"><strong>\u00dcber den Autor<\/strong><\/span><\/span><span class=\"kt-blocks-accordion-icon-trigger\"><\/span><\/button><\/div><div class=\"kt-accordion-panel kt-accordion-panel-hidden\"><div class=\"kt-accordion-panel-inner\">\n<p><img decoding=\"async\" src=\"https:\/\/www.gravatar.com\/avatar\/3c86cab02ec494dd64f5ba2f5267c152\" alt=\"Author Image\"><br><br>Sirkka H\u00e4nninen (\u97e9\u5e0c\u5361) ist ein Vogel im Betondschungel, der trotz seiner k\u00f6rperlichen Behinderung lernt, zu fliegen wie Jonathan Livingston Seagull.<br>In diesem Blog teilt sie ihre Gedanken und Erfahrungen und bietet eine einzigartige Perspektive auf das Leben, die Widerstandsf\u00e4higkeit und das Verfolgen von Tr\u00e4umen. Begleiten Sie sie auf ihrer Reise durch die Herausforderungen und Triumphe des t\u00e4glichen Lebens, immer mit dem Ziel, h\u00f6her zu fliegen.<\/p>\n<\/div><\/div><\/div>\n<\/div><\/div><\/div>\n<\/div><\/div>\n\n<\/div><\/div>\n\n\n<div style=\"height:100px\" aria-hidden=\"true\" class=\"wp-block-spacer\"><\/div>\n","protected":false},"excerpt":{"rendered":"<p>Eine echte Entdeckungsreise ist nicht die Suche nachneuen Landschaften, sondern eine neue Sichtweise der Dinge. Marcel Proust Willkommen auf unserer Reise zur Neuen Weltordnung. Dieser Blog ist ein Raum f\u00fcr Erforschung, Wachstum und gemeinsames Verst\u00e4ndnis. Durch die Verschmelzung vergangener Erkenntnisse mit neuen Perspektiven dient er als Plattform f\u00fcr das Erwachen des Bewusstseins und die Neugestaltung&#8230;<\/p>\n","protected":false},"author":1,"featured_media":0,"parent":0,"menu_order":0,"comment_status":"closed","ping_status":"closed","template":"","meta":{"_kad_post_transparent":"","_kad_post_title":"hide","_kad_post_layout":"narrow","_kad_post_sidebar_id":"","_kad_post_content_style":"","_kad_post_vertical_padding":"","_kad_post_feature":"","_kad_post_feature_position":"","_kad_post_header":false,"_kad_post_footer":false,"_kad_post_classname":"","footnotes":""},"class_list":["post-1109","page","type-page","status-publish","hentry"],"_links":{"self":[{"href":"https:\/\/www.putonthewholearmorofgod.love\/de\/wp-json\/wp\/v2\/pages\/1109","targetHints":{"allow":["GET"]}}],"collection":[{"href":"https:\/\/www.putonthewholearmorofgod.love\/de\/wp-json\/wp\/v2\/pages"}],"about":[{"href":"https:\/\/www.putonthewholearmorofgod.love\/de\/wp-json\/wp\/v2\/types\/page"}],"author":[{"embeddable":true,"href":"https:\/\/www.putonthewholearmorofgod.love\/de\/wp-json\/wp\/v2\/users\/1"}],"replies":[{"embeddable":true,"href":"https:\/\/www.putonthewholearmorofgod.love\/de\/wp-json\/wp\/v2\/comments?post=1109"}],"version-history":[{"count":0,"href":"https:\/\/www.putonthewholearmorofgod.love\/de\/wp-json\/wp\/v2\/pages\/1109\/revisions"}],"wp:attachment":[{"href":"https:\/\/www.putonthewholearmorofgod.love\/de\/wp-json\/wp\/v2\/media?parent=1109"}],"curies":[{"name":"wp","href":"https:\/\/api.w.org\/{rel}","templated":true}]}}