{"id":1193,"date":"2022-03-26T13:11:19","date_gmt":"2022-03-26T11:11:19","guid":{"rendered":"https:\/\/wholearmordev.wpengine.com\/who-i-am\/"},"modified":"2024-10-16T10:22:50","modified_gmt":"2024-10-16T07:22:50","slug":"mina-olen","status":"publish","type":"page","link":"https:\/\/www.putonthewholearmorofgod.love\/fi\/mina-olen\/","title":{"rendered":"MIN\u00c4 OLEN"},"content":{"rendered":"\n<p class=\"has-text-align-center has-theme-palette-2-color has-text-color has-link-color has-large-font-size wp-elements-0f94df504395e90bbd38e48a62155548\"><strong>&#8211; MIN\u00c4 OLEN-<br>Tarkoitukseni olla itseni<\/strong><br><strong>paras versio<\/strong><\/p>\n\n\n\n<div style=\"height:61px\" aria-hidden=\"true\" class=\"wp-block-spacer\"><\/div>\n\n\n<style>.kb-row-layout-id1193_863474-a5 > .kt-row-column-wrap{align-content:start;}:where(.kb-row-layout-id1193_863474-a5 > .kt-row-column-wrap) > .wp-block-kadence-column{justify-content:start;}.kb-row-layout-id1193_863474-a5 > .kt-row-column-wrap{column-gap:var(--global-kb-gap-md, 2rem);row-gap:var(--global-kb-gap-md, 2rem);padding-top:var(--global-kb-spacing-sm, 1.5rem);padding-bottom:var(--global-kb-spacing-sm, 1.5rem);grid-template-columns:minmax(0, 1fr);}.kb-row-layout-id1193_863474-a5 > .kt-row-layout-overlay{opacity:0.30;}@media all and (max-width: 1024px){.kb-row-layout-id1193_863474-a5 > .kt-row-column-wrap{grid-template-columns:minmax(0, 1fr);}}@media all and (max-width: 767px){.kb-row-layout-id1193_863474-a5 > .kt-row-column-wrap{grid-template-columns:minmax(0, 1fr);}}<\/style><div class=\"kb-row-layout-wrap kb-row-layout-id1193_863474-a5 alignnone wp-block-kadence-rowlayout\"><div class=\"kt-row-column-wrap kt-has-1-columns kt-row-layout-equal kt-tab-layout-inherit kt-mobile-layout-row kt-row-valign-top\">\n<style>.kadence-column1193_441fe2-69 > .kt-inside-inner-col,.kadence-column1193_441fe2-69 > .kt-inside-inner-col:before{border-top-left-radius:0px;border-top-right-radius:0px;border-bottom-right-radius:0px;border-bottom-left-radius:0px;}.kadence-column1193_441fe2-69 > .kt-inside-inner-col{column-gap:var(--global-kb-gap-sm, 1rem);}.kadence-column1193_441fe2-69 > .kt-inside-inner-col{flex-direction:column;}.kadence-column1193_441fe2-69 > .kt-inside-inner-col > .aligncenter{width:100%;}.kadence-column1193_441fe2-69 > .kt-inside-inner-col:before{opacity:0.3;}.kadence-column1193_441fe2-69{position:relative;}@media all and (max-width: 1024px){.kadence-column1193_441fe2-69 > .kt-inside-inner-col{flex-direction:column;justify-content:center;}}@media all and (max-width: 767px){.kadence-column1193_441fe2-69 > .kt-inside-inner-col{flex-direction:column;justify-content:center;}}<\/style>\n<div class=\"wp-block-kadence-column kadence-column1193_441fe2-69\"><div class=\"kt-inside-inner-col\">\n<p>Moni varmasti ihmettelee blogini domainin (.info &#8211; vanha verkkotunnukseni) valintaa. Olen niin kaukana 5D-maailmasta, etten edes oikein tied\u00e4, miten asiaa l\u00e4hestyisin, saati miten informoisin muita ihmisi\u00e4. Aion kuitenkin jatkaa t\u00e4t\u00e4 blogia samalla asenteella kuin edellist\u00e4 blogia. T\u00e4m\u00e4 ei ole info-sivusto siin\u00e4 mieless\u00e4, ett\u00e4 tuntisin tarvetta valistaa muita ihmisi\u00e4. T\u00e4m\u00e4 blogi peilaa omaa kasvuani.<br><br>En puhu en\u00e4\u00e4 henkisest\u00e4 kasvusta, sill\u00e4 henkinen kasvu viittaa egon tietoisuuden laajenemiseen. 5D -tietoisuudessa ihminen on jo irtautunut egon tajunnan rajoituksista. T\u00e4st\u00e4 uudesta n\u00e4k\u00f6kulmasta katsottuna puhun sielun evoluutiosta. 5D -tietoisuus kehittyy energian v\u00e4r\u00e4htelyn nousun my\u00f6t\u00e4 ja v\u00e4r\u00e4htely nousee sit\u00e4 korkeammaksi, mit\u00e4 paremmin yhdymme sis\u00e4isen olentomme v\u00e4r\u00e4htelyihin ja syd\u00e4men intuitioon. Siten meill\u00e4 on v\u00e4lit\u00f6n p\u00e4\u00e4sy universumin tietoisuuteen.<br><br>Edellisen blogini rakentuessa huomasin, ett\u00e4 min\u00e4 itse olen itseni vaikuttavin inspiraation l\u00e4hde. Kun olin alamaissa ja luin omia kirjoituksiani mielialani nousi ihmeellisesti uusiin sf\u00e4\u00e4reihin. Egoni kyseli aikansa, ett\u00e4 mit\u00e4 t\u00e4m\u00e4kin on tarkoittavinaan ja oli tiet\u00e4vin\u00e4\u00e4n, ett\u00e4 t\u00e4m\u00e4h\u00e4n on aivan h\u00f6p\u00f6h\u00f6p\u00f6-juttua, mutta kirjoitukset valaisivat p\u00e4iv\u00e4ni.<br><br>Olen kulkenut pitk\u00e4n tien sen j\u00e4lkeen, kun 20-vuotta sitten putosin mustaan aukkoon, enk\u00e4 osannut arvostaa mit\u00e4\u00e4n siit\u00e4, mit\u00e4 olin saavuttanut. Ainoa ratkaisu tuntui olevan, ett\u00e4 tapan itseni. Sekin musta aukko j\u00e4i taakse.<br><br>Lapsena kun pikkusiskoni ei ollut viel\u00e4 syntynyt, olin \u00e4itini silm\u00e4ter\u00e4 ja hemmottelun kohde. Olimme kerran menossa mets\u00e4\u00e4n poimimaan mustikoita kun sanoin \u00e4idilleni: \u201dOta kultas reppuselk\u00e4\u00e4n, tulkoon pennut per\u00e4ss\u00e4.\u201d<br><br>Siin\u00e4 on kiteytettyn\u00e4 t\u00e4m\u00e4n blogin ajatus. Haluan antaa intuitioni kantaa minut sinne, minne minun on m\u00e4\u00e4r\u00e4 menn\u00e4. Olen sek\u00e4 oppilas ett\u00e4 opettaja, aivan samoin kuin vanhemmat oppivat lastensa valinnoista ja kasvavat siten vanhempina. Blogin seuraajat voivat antaa valintojeni ohjata omaa el\u00e4m\u00e4\u00e4ns\u00e4 tai j\u00e4tt\u00e4\u00e4 ne omaan arvoonsa. Muilla ihmisill\u00e4 on oma tie kuljettavanaan. Uskon, ett\u00e4 kaikki l\u00f6yt\u00e4v\u00e4t tiens\u00e4.<\/p>\n<\/div><\/div>\n\n\n<style>.kadence-column1193_0fdb1e-25 > .kt-inside-inner-col,.kadence-column1193_0fdb1e-25 > .kt-inside-inner-col:before{border-top-left-radius:0px;border-top-right-radius:0px;border-bottom-right-radius:0px;border-bottom-left-radius:0px;}.kadence-column1193_0fdb1e-25 > .kt-inside-inner-col{column-gap:var(--global-kb-gap-sm, 1rem);}.kadence-column1193_0fdb1e-25 > .kt-inside-inner-col{flex-direction:column;}.kadence-column1193_0fdb1e-25 > .kt-inside-inner-col > .aligncenter{width:100%;}.kadence-column1193_0fdb1e-25 > .kt-inside-inner-col:before{opacity:0.3;}.kadence-column1193_0fdb1e-25{position:relative;}@media all and (max-width: 1024px){.kadence-column1193_0fdb1e-25 > .kt-inside-inner-col{flex-direction:column;justify-content:center;}}@media all and (max-width: 767px){.kadence-column1193_0fdb1e-25 > .kt-inside-inner-col{flex-direction:column;justify-content:center;}}<\/style>\n<div class=\"wp-block-kadence-column kadence-column1193_0fdb1e-25\"><div class=\"kt-inside-inner-col\">\n<h3 class=\"wp-block-heading\">Video:<\/h3>\n\n\n\n<div class=\"wp-block-columns is-layout-flex wp-container-corecolumns-is-layout-9d6595d7 wp-block-columns-is-layout-flex\">\n<div class=\"wp-block-column is-layout-flow wp-block-column-is-layout-flow\">\n<figure class=\"wp-block-embed is-type-video is-provider-youtube wp-block-embed-youtube wp-embed-aspect-16-9 wp-has-aspect-ratio\"><div class=\"wp-block-embed__wrapper\">\n<iframe loading=\"lazy\" title=\"Akashic Records - The Unlimited Knowledge of the Universe\" width=\"720\" height=\"405\" src=\"https:\/\/www.youtube.com\/embed\/SKcv6GSm2dw?list=PLpcQVY67r3kXGKLpVKJZiXexudy-h-VSw\" frameborder=\"0\" allow=\"accelerometer; autoplay; clipboard-write; encrypted-media; gyroscope; picture-in-picture; web-share\" referrerpolicy=\"strict-origin-when-cross-origin\" allowfullscreen><\/iframe>\n<\/div><figcaption class=\"wp-element-caption\"><strong>Universe Inside You:<br>The Unlimited Knowledge of the Universe<\/strong><\/figcaption><\/figure>\n<\/div>\n<\/div>\n<\/div><\/div>\n\n<\/div><\/div>\n\n\n<div style=\"height:100px\" aria-hidden=\"true\" class=\"wp-block-spacer\"><\/div>\n","protected":false},"excerpt":{"rendered":"<p>&#8211; MIN\u00c4 OLEN-Tarkoitukseni olla itseniparas versio Moni varmasti ihmettelee blogini domainin (.info &#8211; vanha verkkotunnukseni) valintaa. Olen niin kaukana 5D-maailmasta, etten edes oikein tied\u00e4, miten asiaa l\u00e4hestyisin, saati miten informoisin muita ihmisi\u00e4. Aion kuitenkin jatkaa t\u00e4t\u00e4 blogia samalla asenteella kuin edellist\u00e4 blogia. T\u00e4m\u00e4 ei ole info-sivusto siin\u00e4 mieless\u00e4, ett\u00e4 tuntisin tarvetta valistaa muita ihmisi\u00e4. T\u00e4m\u00e4&#8230;<\/p>\n","protected":false},"author":1,"featured_media":1363,"parent":0,"menu_order":0,"comment_status":"closed","ping_status":"closed","template":"","meta":{"_kad_post_transparent":"disable","_kad_post_title":"show","_kad_post_layout":"normal","_kad_post_sidebar_id":"","_kad_post_content_style":"","_kad_post_vertical_padding":"","_kad_post_feature":"","_kad_post_feature_position":"below","_kad_post_header":false,"_kad_post_footer":false,"_kad_post_classname":"","footnotes":""},"class_list":["post-1193","page","type-page","status-publish","has-post-thumbnail","hentry"],"_links":{"self":[{"href":"https:\/\/www.putonthewholearmorofgod.love\/fi\/wp-json\/wp\/v2\/pages\/1193","targetHints":{"allow":["GET"]}}],"collection":[{"href":"https:\/\/www.putonthewholearmorofgod.love\/fi\/wp-json\/wp\/v2\/pages"}],"about":[{"href":"https:\/\/www.putonthewholearmorofgod.love\/fi\/wp-json\/wp\/v2\/types\/page"}],"author":[{"embeddable":true,"href":"https:\/\/www.putonthewholearmorofgod.love\/fi\/wp-json\/wp\/v2\/users\/1"}],"replies":[{"embeddable":true,"href":"https:\/\/www.putonthewholearmorofgod.love\/fi\/wp-json\/wp\/v2\/comments?post=1193"}],"version-history":[{"count":0,"href":"https:\/\/www.putonthewholearmorofgod.love\/fi\/wp-json\/wp\/v2\/pages\/1193\/revisions"}],"wp:featuredmedia":[{"embeddable":true,"href":"https:\/\/www.putonthewholearmorofgod.love\/fi\/wp-json\/wp\/v2\/media\/1363"}],"wp:attachment":[{"href":"https:\/\/www.putonthewholearmorofgod.love\/fi\/wp-json\/wp\/v2\/media?parent=1193"}],"curies":[{"name":"wp","href":"https:\/\/api.w.org\/{rel}","templated":true}]}}