{"id":4999,"date":"2023-12-01T15:39:39","date_gmt":"2023-12-01T13:39:39","guid":{"rendered":"https:\/\/newarmorofgod.wpenginepowered.com\/rainbow-bridge\/"},"modified":"2025-04-11T19:14:44","modified_gmt":"2025-04-11T16:14:44","slug":"5d-lahestymistapa-pisteiden-yhdistamiseen","status":"publish","type":"page","link":"https:\/\/www.putonthewholearmorofgod.love\/fi\/5d-lahestymistapa-pisteiden-yhdistamiseen\/","title":{"rendered":"5D-l\u00e4hestymistapa pisteiden yhdist\u00e4miseen"},"content":{"rendered":"<style>.kb-row-layout-id4999_36ca65-56 > .kt-row-column-wrap{align-content:start;}:where(.kb-row-layout-id4999_36ca65-56 > .kt-row-column-wrap) > .wp-block-kadence-column{justify-content:start;}.kb-row-layout-id4999_36ca65-56 > .kt-row-column-wrap{column-gap:var(--global-kb-gap-md, 2rem);row-gap:var(--global-kb-gap-md, 2rem);padding-top:var(--global-kb-spacing-sm, 1.5rem);padding-bottom:var(--global-kb-spacing-sm, 1.5rem);grid-template-columns:minmax(0, 1fr);}.kb-row-layout-id4999_36ca65-56 > .kt-row-layout-overlay{opacity:0.30;}@media all and (max-width: 1024px){.kb-row-layout-id4999_36ca65-56 > .kt-row-column-wrap{grid-template-columns:minmax(0, 1fr);}}@media all and (max-width: 767px){.kb-row-layout-id4999_36ca65-56 > .kt-row-column-wrap{grid-template-columns:minmax(0, 1fr);}}<\/style><div class=\"kb-row-layout-wrap kb-row-layout-id4999_36ca65-56 alignnone wp-block-kadence-rowlayout\"><div class=\"kt-row-column-wrap kt-has-1-columns kt-row-layout-equal kt-tab-layout-inherit kt-mobile-layout-row kt-row-valign-top\">\n<style>.kadence-column4999_b5ced3-a4 > .kt-inside-inner-col,.kadence-column4999_b5ced3-a4 > .kt-inside-inner-col:before{border-top-left-radius:0px;border-top-right-radius:0px;border-bottom-right-radius:0px;border-bottom-left-radius:0px;}.kadence-column4999_b5ced3-a4 > .kt-inside-inner-col{column-gap:var(--global-kb-gap-sm, 1rem);}.kadence-column4999_b5ced3-a4 > .kt-inside-inner-col{flex-direction:column;}.kadence-column4999_b5ced3-a4 > .kt-inside-inner-col > .aligncenter{width:100%;}.kadence-column4999_b5ced3-a4 > .kt-inside-inner-col:before{opacity:0.3;}.kadence-column4999_b5ced3-a4{position:relative;}@media all and (max-width: 1024px){.kadence-column4999_b5ced3-a4 > .kt-inside-inner-col{flex-direction:column;justify-content:center;}}@media all and (max-width: 767px){.kadence-column4999_b5ced3-a4 > .kt-inside-inner-col{flex-direction:column;justify-content:center;}}<\/style>\n<div class=\"wp-block-kadence-column kadence-column4999_b5ced3-a4\"><div class=\"kt-inside-inner-col\">\n<div class=\"wp-block-buttons is-content-justification-center is-layout-flex wp-container-corebuttons-is-layout-16018d1d wp-block-buttons-is-layout-flex\">\n<div class=\"wp-block-button has-custom-font-size has-medium-font-size\"><a class=\"wp-block-button__link has-background wp-element-button\" href=\"https:\/\/www.putonthewholearmorofgod.love\/fi\/5d-tietoisuus-kat\/\" style=\"border-radius:44px;background:linear-gradient(222deg,rgb(255,255,255) 0%,rgb(75,0,130) 100%);padding-top:var(--wp--preset--spacing--40);padding-right:var(--wp--preset--spacing--70);padding-bottom:var(--wp--preset--spacing--40);padding-left:var(--wp--preset--spacing--70)\"><strong>5D sis\u00e4lt\u00f6<\/strong><\/a><\/div>\n<\/div>\n\n\n\n\t\t\t\t<p class=\"rs-p-wp-fix\"><\/p>\n\t\t\t\t<sr7-module data-alias=\"5D-approach-connecting-dots\" data-id=\"40\" id=\"welcome\" class=\"rs-respect-topbar rs-ov-hidden\" data-version=\"6.7.51\">\n\t\t\t\t\t<sr7-adjuster><\/sr7-adjuster>\n\t\t\t\t\t<sr7-content>\n\t\t\t\t\t\t<sr7-slide id=\"welcome-271\" data-key=\"271\">\n\t\t\t\t\t\t\t<h1 id=\"welcome-271-5\" class=\"sr7-layer\">5D-l\u00e4hestymistapa pisteiden yhdist\u00e4miseen<\/h1>\n\t\t\t\t\t\t\t<p id=\"welcome-271-7\" class=\"sr7-layer\">Vapauttamalla itsemme egomielen kahleista avaamme uuden n\u00e4k\u00f6kulman el\u00e4m\u00e4\u00e4n ja syvenn\u00e4mme yhteytt\u00e4mme korkeampaan itseemme, intuitiiviseen syd\u00e4meemme. Meist\u00e4 tulee osa jumalallista suunnitelmaa, jota 3D-maailman kaaos ei kahlitse. Astu t\u00e4lle transformatiiviselle matkalle harjoitusten ja oivallusten opastamana.<\/p>\n\t\t\t\t\t\t<\/sr7-slide>\n\t\t\t\t\t\t<sr7-slide id=\"welcome-206\" data-key=\"206\">\n\t\t\t\t\t\t<\/sr7-slide>\n\t\t\t\t\t<\/sr7-content>\n\t\t\t\t<\/sr7-module>\n\t\t\t\t<script>\n\t\t\t\t\twindow.SR7 ??={};SR7.PMH ??={}; SR7.PMH[\"welcome\"] = {cn:100,state:false,fn: function() { if (window._tpt!==undefined && window._tpt.prepareModuleHeight !== undefined) {  _tpt.prepareModuleHeight({id:\"welcome\",el:[900,900,777,625,562],type:'hero',shdw:'0',gh:[900,900,777,625,562],gw:[1240,1240,1024,778,480],vpt:['-200px&#039;,&#039;-200px&#039;,&#039;-200px&#039;,&#039;-200px&#039;,&#039;-200px'],size:{fullWidth:true, fullHeight:true},fho:'#masthead,',mh:'0',onh:0,onw:0,bg:{color:'{\"type\":\"solid\",\"orig\":\"#000000\",\"string\":\"rgba(0, 0, 0, 1)\"}'}});   SR7.PMH[\"welcome\"].state=true;} else if(SR7.PMH[\"welcome\"].cn-->0)\tsetTimeout( SR7.PMH[\"welcome\"].fn,19);}};SR7.PMH[\"welcome\" ].fn();\n\t\t\t\t<\/script>\n\n\n\n\n<div style=\"height:77px\" aria-hidden=\"true\" class=\"wp-block-spacer\"><\/div>\n\n\n\n<div class=\"wp-block-columns is-layout-flex wp-container-corecolumns-is-layout-9d6595d7 wp-block-columns-is-layout-flex\">\n<div class=\"wp-block-column is-layout-flow wp-block-column-is-layout-flow\" style=\"flex-basis:25%\"><\/div>\n\n\n\n<div class=\"wp-block-column is-layout-flow wp-block-column-is-layout-flow\" style=\"flex-basis:50%\">\n<figure class=\"wp-block-embed is-type-video is-provider-youtube wp-block-embed-youtube wp-embed-aspect-16-9 wp-has-aspect-ratio\"><div class=\"wp-block-embed__wrapper\">\n<iframe loading=\"lazy\" title=\"888 Hz Frequency for Abundance: Manifest Wealth and Abundance\" width=\"720\" height=\"405\" src=\"https:\/\/www.youtube.com\/embed\/EKwzrKOGWY0?start=12714&#038;feature=oembed\" frameborder=\"0\" allow=\"accelerometer; autoplay; clipboard-write; encrypted-media; gyroscope; picture-in-picture; web-share\" referrerpolicy=\"strict-origin-when-cross-origin\" allowfullscreen><\/iframe>\n<\/div><figcaption class=\"wp-element-caption\"><strong>888 Hz Frequency for Abundance: Manifest Wealth and Abundance<\/strong><\/figcaption><\/figure>\n<\/div>\n\n\n\n<div class=\"wp-block-column is-layout-flow wp-block-column-is-layout-flow\" style=\"flex-basis:25%\"><\/div>\n<\/div>\n<\/div><\/div>\n\n<\/div><\/div>\n\n\n<div style=\"height:100px\" aria-hidden=\"true\" class=\"wp-block-spacer\"><\/div>\n","protected":false},"excerpt":{"rendered":"","protected":false},"author":1,"featured_media":0,"parent":0,"menu_order":0,"comment_status":"closed","ping_status":"closed","template":"","meta":{"_kad_post_transparent":"","_kad_post_title":"hide","_kad_post_layout":"normal","_kad_post_sidebar_id":"","_kad_post_content_style":"","_kad_post_vertical_padding":"","_kad_post_feature":"","_kad_post_feature_position":"","_kad_post_header":false,"_kad_post_footer":false,"_kad_post_classname":"","footnotes":""},"class_list":["post-4999","page","type-page","status-publish","hentry"],"_links":{"self":[{"href":"https:\/\/www.putonthewholearmorofgod.love\/fi\/wp-json\/wp\/v2\/pages\/4999","targetHints":{"allow":["GET"]}}],"collection":[{"href":"https:\/\/www.putonthewholearmorofgod.love\/fi\/wp-json\/wp\/v2\/pages"}],"about":[{"href":"https:\/\/www.putonthewholearmorofgod.love\/fi\/wp-json\/wp\/v2\/types\/page"}],"author":[{"embeddable":true,"href":"https:\/\/www.putonthewholearmorofgod.love\/fi\/wp-json\/wp\/v2\/users\/1"}],"replies":[{"embeddable":true,"href":"https:\/\/www.putonthewholearmorofgod.love\/fi\/wp-json\/wp\/v2\/comments?post=4999"}],"version-history":[{"count":0,"href":"https:\/\/www.putonthewholearmorofgod.love\/fi\/wp-json\/wp\/v2\/pages\/4999\/revisions"}],"wp:attachment":[{"href":"https:\/\/www.putonthewholearmorofgod.love\/fi\/wp-json\/wp\/v2\/media?parent=4999"}],"curies":[{"name":"wp","href":"https:\/\/api.w.org\/{rel}","templated":true}]}}