{"id":5300,"date":"2023-12-10T12:43:31","date_gmt":"2023-12-10T10:43:31","guid":{"rendered":"https:\/\/newarmorofgod.wpenginepowered.com\/introduction-to-the-content-of-the-site\/"},"modified":"2023-12-10T13:01:03","modified_gmt":"2023-12-10T11:01:03","slug":"johdanto-sivuston-sisaltoon","status":"publish","type":"page","link":"https:\/\/www.putonthewholearmorofgod.love\/fi\/johdanto-sivuston-sisaltoon\/","title":{"rendered":"Johdanto sivuston sis\u00e4lt\u00f6\u00f6n"},"content":{"rendered":"\n<p>T\u00e4m\u00e4 sivusto syntyi kun yhdistin kaksi blogisivustoani. Kaikki kieliversiot mukaan lukien blogissa on yli tuhat artikkelia, jotka heijastavat henkil\u00f6kohtaista henkist\u00e4 kasvuani. Niiden tarkoituksena ei ole arvostella mit\u00e4\u00e4n eik\u00e4 ket\u00e4\u00e4n, vaan ne ovat vain sen hetken ajatuksia, tunteita ja mielipiteit\u00e4. Olen j\u00e4sent\u00e4nyt artikkelit niin, ett\u00e4 vanhemman blogin tekstit {2012-2022} muodostavat blogin 3D osion ja 2022 j\u00e4lkeen julkaiseman tekstit ovat 5D &#8211; kategoriassa.<br><br>Ennen vuotta 2022 julkaisemistani teksteist\u00e4 ei ole espanjankielist\u00e4 versiota. Espanjan lippua ei n\u00e4y kielivalikossa niiden artikkelien kohdalla, joissa ei ole espanjankielist\u00e4 k\u00e4\u00e4nn\u00f6st\u00e4. Suosittelen k\u00e4ytt\u00e4m\u00e4\u00e4n Microsoft Edge -selainta, jossa on Deepl-translate-laajennus, jonka pop-up \u2013 ikonin avulla voit k\u00e4\u00e4nt\u00e4\u00e4 h\u00e4mm\u00e4stytt\u00e4v\u00e4ll\u00e4 tarkkuudella yli 30 kielen v\u00e4lill\u00e4.<br><br>Artikkelit ovat viel\u00e4 p\u00e4\u00e4osin muokkaamatta uuteen teemaan. Tekstit saattavat sis\u00e4lt\u00e4\u00e4 entisen teeman lyhytkoodeja, kuvat saattavat n\u00e4ky\u00e4 kaksinkertaisina tms. Artikkelit ovat viel\u00e4 jokseenkin sekaisin kuin ty\u00f6p\u00f6yd\u00e4ll\u00e4 oleva ep\u00e4m\u00e4\u00e4r\u00e4inen kasa dokumentteja, mink\u00e4 vuoksi sivuston haku -toiminto ei aina l\u00f6yd\u00e4 etsim\u00e4\u00e4ns\u00e4. P\u00e4\u00e4llisin puolin sis\u00e4lt\u00f6 on kuitenkin selke\u00e4sti j\u00e4sennelty ja luettavissa. Antoisia lukuhetki\u00e4!<\/p>\n\n\n\n<div style=\"height:61px\" aria-hidden=\"true\" class=\"wp-block-spacer\"><\/div>\n","protected":false},"excerpt":{"rendered":"<p>T\u00e4m\u00e4 sivusto syntyi kun yhdistin kaksi blogisivustoani. Kaikki kieliversiot mukaan lukien blogissa on yli tuhat artikkelia, jotka heijastavat henkil\u00f6kohtaista henkist\u00e4 kasvuani. Niiden tarkoituksena ei ole arvostella mit\u00e4\u00e4n eik\u00e4 ket\u00e4\u00e4n, vaan ne ovat vain sen hetken ajatuksia, tunteita ja mielipiteit\u00e4. Olen j\u00e4sent\u00e4nyt artikkelit niin, ett\u00e4 vanhemman blogin tekstit {2012-2022} muodostavat blogin 3D osion ja 2022 j\u00e4lkeen&#8230;<\/p>\n","protected":false},"author":1,"featured_media":0,"parent":0,"menu_order":0,"comment_status":"closed","ping_status":"closed","template":"","meta":{"_kad_post_transparent":"","_kad_post_title":"","_kad_post_layout":"","_kad_post_sidebar_id":"","_kad_post_content_style":"","_kad_post_vertical_padding":"","_kad_post_feature":"","_kad_post_feature_position":"","_kad_post_header":false,"_kad_post_footer":false,"_kad_post_classname":"","footnotes":""},"class_list":["post-5300","page","type-page","status-publish","hentry"],"_links":{"self":[{"href":"https:\/\/www.putonthewholearmorofgod.love\/fi\/wp-json\/wp\/v2\/pages\/5300","targetHints":{"allow":["GET"]}}],"collection":[{"href":"https:\/\/www.putonthewholearmorofgod.love\/fi\/wp-json\/wp\/v2\/pages"}],"about":[{"href":"https:\/\/www.putonthewholearmorofgod.love\/fi\/wp-json\/wp\/v2\/types\/page"}],"author":[{"embeddable":true,"href":"https:\/\/www.putonthewholearmorofgod.love\/fi\/wp-json\/wp\/v2\/users\/1"}],"replies":[{"embeddable":true,"href":"https:\/\/www.putonthewholearmorofgod.love\/fi\/wp-json\/wp\/v2\/comments?post=5300"}],"version-history":[{"count":0,"href":"https:\/\/www.putonthewholearmorofgod.love\/fi\/wp-json\/wp\/v2\/pages\/5300\/revisions"}],"wp:attachment":[{"href":"https:\/\/www.putonthewholearmorofgod.love\/fi\/wp-json\/wp\/v2\/media?parent=5300"}],"curies":[{"name":"wp","href":"https:\/\/api.w.org\/{rel}","templated":true}]}}