{"id":769,"date":"2022-03-24T11:40:19","date_gmt":"2022-03-24T09:40:19","guid":{"rendered":"https:\/\/wholearmordev.wpengine.com\/translation-service\/"},"modified":"2022-04-14T19:19:01","modified_gmt":"2022-04-14T19:19:01","slug":"translation-service","status":"publish","type":"page","link":"https:\/\/www.putonthewholearmorofgod.love\/fi\/translation-service\/","title":{"rendered":"HANZI"},"content":{"rendered":"\n<div class=\"wp-block-cover alignfull has-parallax\" style=\"background-image:url(https:\/\/wholearmordev.wpengine.com\/wp-content\/uploads\/translation_hero.jpg);min-height:675px;aspect-ratio:unset;\"><span aria-hidden=\"true\" class=\"wp-block-cover__gradient-background has-background-dim\"><\/span><div class=\"wp-block-cover__inner-container is-layout-flow wp-block-cover-is-layout-flow\">\n<p class=\"has-text-align-center has-larger-font-size\">K\u00e4\u00e4nn\u00f6spalvelu HANZI<\/p>\n<\/div><\/div>\n\n<div style=\"height:58px\" aria-hidden=\"true\" class=\"wp-block-spacer\"><\/div>\n\n<div class=\"wp-block-group\"><div class=\"wp-block-group__inner-container is-layout-flow wp-block-group-is-layout-flow\"><\/div><\/div>\n","protected":false},"excerpt":{"rendered":"","protected":false},"author":1,"featured_media":0,"parent":0,"menu_order":0,"comment_status":"closed","ping_status":"closed","template":"..\/public\/views\/revslider-page-template.php","meta":{"_kad_post_transparent":"","_kad_post_title":"","_kad_post_layout":"","_kad_post_sidebar_id":"","_kad_post_content_style":"","_kad_post_vertical_padding":"","_kad_post_feature":"","_kad_post_feature_position":"","_kad_post_header":false,"_kad_post_footer":false,"_kad_post_classname":"","footnotes":""},"class_list":["post-769","page","type-page","status-publish","hentry"],"_links":{"self":[{"href":"https:\/\/www.putonthewholearmorofgod.love\/fi\/wp-json\/wp\/v2\/pages\/769","targetHints":{"allow":["GET"]}}],"collection":[{"href":"https:\/\/www.putonthewholearmorofgod.love\/fi\/wp-json\/wp\/v2\/pages"}],"about":[{"href":"https:\/\/www.putonthewholearmorofgod.love\/fi\/wp-json\/wp\/v2\/types\/page"}],"author":[{"embeddable":true,"href":"https:\/\/www.putonthewholearmorofgod.love\/fi\/wp-json\/wp\/v2\/users\/1"}],"replies":[{"embeddable":true,"href":"https:\/\/www.putonthewholearmorofgod.love\/fi\/wp-json\/wp\/v2\/comments?post=769"}],"version-history":[{"count":0,"href":"https:\/\/www.putonthewholearmorofgod.love\/fi\/wp-json\/wp\/v2\/pages\/769\/revisions"}],"wp:attachment":[{"href":"https:\/\/www.putonthewholearmorofgod.love\/fi\/wp-json\/wp\/v2\/media?parent=769"}],"curies":[{"name":"wp","href":"https:\/\/api.w.org\/{rel}","templated":true}]}}